{"id":14,"date":"2024-10-17T02:35:19","date_gmt":"2024-10-17T00:35:19","guid":{"rendered":"https:\/\/nevizatravelchannel.com\/?page_id=14"},"modified":"2025-01-02T22:55:06","modified_gmt":"2025-01-03T03:55:06","slug":"acerca-de","status":"publish","type":"page","link":"https:\/\/nevizatravelchannel.com\/index.php\/acerca-de\/","title":{"rendered":"Acerca de"},"content":{"rendered":"\n<h2 class=\"wp-block-heading has-large-font-size\" id=\"inspiro-is-a-digital-product-agency-that-focuses-on-strategy-and-design\" style=\"font-style:normal;font-weight:100\"><strong>Neviza Travel Channel E.I.R.L  es una Agencia de Viajes que adem\u00e1s realiza Marketing Tur\u00edstico, para promover el desarrollo de la actividad Tur\u00edstica en Per\u00fa.<\/strong><\/h2>\n\n\n\n<div style=\"height:100px\" aria-hidden=\"true\" class=\"wp-block-spacer\"><\/div>\n\n\n\n<div class=\"wp-block-columns alignwide is-layout-flex wp-container-core-columns-is-layout-28f84493 wp-block-columns-is-layout-flex\">\n<div class=\"wp-block-column is-layout-flow wp-block-column-is-layout-flow\">\n<figure class=\"wp-block-image size-large\"><img loading=\"lazy\" decoding=\"async\" width=\"1024\" height=\"576\" src=\"https:\/\/nevizatravelchannel.com\/wp-content\/uploads\/2024\/12\/ofrenda-pacha-mama-1024x576.jpg\" alt=\"\" class=\"wp-image-394\" srcset=\"https:\/\/nevizatravelchannel.com\/wp-content\/uploads\/2024\/12\/ofrenda-pacha-mama-1024x576.jpg 1024w, https:\/\/nevizatravelchannel.com\/wp-content\/uploads\/2024\/12\/ofrenda-pacha-mama-300x169.jpg 300w, https:\/\/nevizatravelchannel.com\/wp-content\/uploads\/2024\/12\/ofrenda-pacha-mama-2000x1125.jpg 2000w, https:\/\/nevizatravelchannel.com\/wp-content\/uploads\/2024\/12\/ofrenda-pacha-mama.jpg 2048w\" sizes=\"auto, (max-width: 1024px) 100vw, 1024px\" \/><\/figure>\n\n\n\n<p class=\"has-black-color has-text-color has-medium-font-size\"><a href=\"#\">The Crew<\/a> \/ El Equipo<\/p>\n\n\n\n<p class=\"has-text-color\" style=\"color:#7a7a7a\">Somos un equipo multidisciplinario, integrado por profesionales en Turismo, expertos en transporte, asistentes y comunicadores, preparados para brindar un servicio id\u00f3neo a nuestro clientes.<\/p>\n<\/div>\n\n\n\n<div class=\"wp-block-column is-layout-flow wp-block-column-is-layout-flow\">\n<figure class=\"wp-block-image size-large\"><img loading=\"lazy\" decoding=\"async\" width=\"1024\" height=\"576\" src=\"https:\/\/nevizatravelchannel.com\/wp-content\/uploads\/2024\/12\/edw-expositor-1024x576.jpg\" alt=\"\" class=\"wp-image-392\" srcset=\"https:\/\/nevizatravelchannel.com\/wp-content\/uploads\/2024\/12\/edw-expositor-1024x576.jpg 1024w, https:\/\/nevizatravelchannel.com\/wp-content\/uploads\/2024\/12\/edw-expositor-300x169.jpg 300w, https:\/\/nevizatravelchannel.com\/wp-content\/uploads\/2024\/12\/edw-expositor.jpg 1080w\" sizes=\"auto, (max-width: 1024px) 100vw, 1024px\" \/><\/figure>\n\n\n\n<p class=\"has-black-color has-text-color has-medium-font-size\"><a href=\"#\">Our Philosophy<\/a> \/ Filosof\u00eda<\/p>\n\n\n\n<p class=\"has-text-color\" style=\"color:#7a7a7a\">Nuestro objetivo es mostrar a los visitantes la belleza cultural de nuestro pa\u00eds, de una manera entretenida, saliendo un poco de los est\u00e1ndares tradicionales que ofrece el mercado al turista.<\/p>\n<\/div>\n\n\n\n<div class=\"wp-block-column is-layout-flow wp-block-column-is-layout-flow\">\n<figure class=\"wp-block-image size-large\"><img loading=\"lazy\" decoding=\"async\" width=\"1024\" height=\"577\" src=\"https:\/\/nevizatravelchannel.com\/wp-content\/uploads\/2024\/12\/rally-3-1-1024x577.jpg\" alt=\"\" class=\"wp-image-391\" srcset=\"https:\/\/nevizatravelchannel.com\/wp-content\/uploads\/2024\/12\/rally-3-1-1024x577.jpg 1024w, https:\/\/nevizatravelchannel.com\/wp-content\/uploads\/2024\/12\/rally-3-1-300x169.jpg 300w, https:\/\/nevizatravelchannel.com\/wp-content\/uploads\/2024\/12\/rally-3-1-2000x1126.jpg 2000w, https:\/\/nevizatravelchannel.com\/wp-content\/uploads\/2024\/12\/rally-3-1.jpg 2048w\" sizes=\"auto, (max-width: 1024px) 100vw, 1024px\" \/><\/figure>\n\n\n\n<p class=\"has-black-color has-text-color has-medium-font-size\"><a href=\"#\">Services<\/a> \/ Servicios<\/p>\n\n\n\n<p class=\"has-text-color\" style=\"color:#7a7a7a\">Adem\u00e1s de ofrecer los tradicionales Tours, tenemos otras opciones, como el Turismo Ufol\u00f3gico, para los que buscan una interpretacion diferente de la historia, Tours Peatonales Tem\u00e1ticos y Tours NO Tradicionales.<\/p>\n<\/div>\n<\/div>\n\n\n\n<h3 class=\"wp-block-heading has-large-font-size\" id=\"inspiro-is-a-digital-product-agency-that-focuses-on-strategy-and-desig\" style=\"font-weight:300\">Showreel<\/h3>\n\n\n\n<div style=\"height:100px\" aria-hidden=\"true\" class=\"wp-block-spacer\"><\/div>\n\n\n\n<figure class=\"wp-block-embed alignwide is-type-video is-provider-youtube wp-block-embed-youtube wp-embed-aspect-16-9 wp-has-aspect-ratio\"><div class=\"wp-block-embed__wrapper\">\n<iframe loading=\"lazy\" title=\"Templo Tiobamba en Maras Cusco\" width=\"950\" height=\"534\" src=\"https:\/\/www.youtube.com\/embed\/xFd2eUvlM_w?feature=oembed\" frameborder=\"0\" allow=\"accelerometer; autoplay; clipboard-write; encrypted-media; gyroscope; picture-in-picture; web-share\" referrerpolicy=\"strict-origin-when-cross-origin\" allowfullscreen><\/iframe>\n<\/div><\/figure>\n\n\n\n<div class=\"wp-block-cover alignfull\" style=\"padding-top:50px;padding-right:50px;padding-bottom:50px;padding-left:50px;min-height:316px;aspect-ratio:unset;\"><span aria-hidden=\"true\" class=\"wp-block-cover__background has-black-background-color has-background-dim-100 has-background-dim\"><\/span><div class=\"wp-block-cover__inner-container is-layout-flow wp-block-cover-is-layout-flow\">\n<div class=\"wp-block-columns are-vertically-aligned-center is-layout-flex wp-container-core-columns-is-layout-28f84493 wp-block-columns-is-layout-flex\">\n<div class=\"wp-block-column is-vertically-aligned-center is-layout-flow wp-block-column-is-layout-flow\" style=\"padding-top:20px;padding-right:0px;padding-bottom:20px;padding-left:0px\">\n<div class=\"wp-block-group is-content-justification-space-between is-nowrap is-layout-flex wp-container-core-group-is-layout-bb3dfb5c wp-block-group-is-layout-flex\">\n<figure class=\"wp-block-image size-full\"><img decoding=\"async\" src=\"https:\/\/nevizatravelchannel.com\/wp-content\/themes\/inspiro\/assets\/images\/laurel_left.png\" alt=\"\"\/><\/figure>\n\n\n\n<div class=\"wp-block-group is-layout-flow wp-block-group-is-layout-flow\">\n<p class=\"has-text-align-center has-white-color has-text-color\" style=\"font-size:clamp(14px, 0.875rem + ((1vw - 3.2px) * 0.417), 18px);line-height:1\"><strong>\u00abReportajes Tur\u00edsticos\u00bb<br><\/strong>Ganador<\/p>\n<\/div>\n\n\n\n<figure class=\"wp-block-image size-full\"><img decoding=\"async\" src=\"https:\/\/nevizatravelchannel.com\/wp-content\/themes\/inspiro\/assets\/images\/laurel_right.png\" alt=\"\"\/><\/figure>\n<\/div>\n<\/div>\n\n\n\n<div class=\"wp-block-column is-vertically-aligned-center is-layout-flow wp-block-column-is-layout-flow\" style=\"padding-top:20px;padding-right:0px;padding-bottom:20px;padding-left:0px\">\n<div class=\"wp-block-group is-content-justification-space-between is-nowrap is-layout-flex wp-container-core-group-is-layout-bb3dfb5c wp-block-group-is-layout-flex\">\n<figure class=\"wp-block-image size-full\"><img decoding=\"async\" src=\"https:\/\/nevizatravelchannel.com\/wp-content\/themes\/inspiro\/assets\/images\/laurel_left.png\" alt=\"\"\/><\/figure>\n\n\n\n<div class=\"wp-block-group is-layout-flow wp-block-group-is-layout-flow\">\n<p class=\"has-text-align-center has-white-color has-text-color\" style=\"font-size:clamp(14px, 0.875rem + ((1vw - 3.2px) * 0.417), 18px);line-height:1\"><strong>\u00abSpots de Promoci\u00f3n Tur\u00edstica\u00bb<\/strong><br>Ganador<\/p>\n<\/div>\n\n\n\n<figure class=\"wp-block-image size-full\"><img decoding=\"async\" src=\"https:\/\/nevizatravelchannel.com\/wp-content\/themes\/inspiro\/assets\/images\/laurel_right.png\" alt=\"\"\/><\/figure>\n<\/div>\n<\/div>\n\n\n\n<div class=\"wp-block-column is-vertically-aligned-center is-layout-flow wp-block-column-is-layout-flow\" style=\"padding-top:20px;padding-right:0px;padding-bottom:20px;padding-left:0px\">\n<div class=\"wp-block-group is-content-justification-space-between is-nowrap is-layout-flex wp-container-core-group-is-layout-bb3dfb5c wp-block-group-is-layout-flex\">\n<figure class=\"wp-block-image size-full\"><img decoding=\"async\" src=\"https:\/\/nevizatravelchannel.com\/wp-content\/themes\/inspiro\/assets\/images\/laurel_left.png\" alt=\"\"\/><\/figure>\n\n\n\n<div class=\"wp-block-group is-layout-flow wp-block-group-is-layout-flow\">\n<p class=\"has-text-align-center has-white-color has-text-color\" style=\"font-size:clamp(14px, 0.875rem + ((1vw - 3.2px) * 0.417), 18px);line-height:1\"><strong>\u00abReportajes Hoteles &amp; Rest\u00bb<\/strong><br>Ganador<\/p>\n<\/div>\n\n\n\n<figure class=\"wp-block-image size-full\"><img decoding=\"async\" src=\"https:\/\/nevizatravelchannel.com\/wp-content\/themes\/inspiro\/assets\/images\/laurel_right.png\" alt=\"\"\/><\/figure>\n<\/div>\n<\/div>\n<\/div>\n<\/div><\/div>\n","protected":false},"excerpt":{"rendered":"<p>Neviza Travel Channel E.I.R.L es una Agencia de Viajes que adem\u00e1s realiza Marketing Tur\u00edstico, para promover el desarrollo de la actividad Tur\u00edstica en Per\u00fa. The Crew \/ El Equipo Somos un equipo multidisciplinario, integrado por profesionales en Turismo, expertos en transporte, asistentes y comunicadores, preparados para brindar un servicio id\u00f3neo a nuestro clientes. Our Philosophy &hellip; <\/p>\n<p class=\"link-more\"><a href=\"https:\/\/nevizatravelchannel.com\/index.php\/acerca-de\/\" class=\"more-link\">Leer m\u00e1s<span class=\"screen-reader-text\"> \u00abAcerca de\u00bb<\/span><\/a><\/p>\n","protected":false},"author":1,"featured_media":175,"parent":0,"menu_order":0,"comment_status":"closed","ping_status":"closed","template":"","meta":{"footnotes":""},"class_list":["post-14","page","type-page","status-publish","has-post-thumbnail","hentry"],"featured_media_urls":{"thumbnail":["https:\/\/nevizatravelchannel.com\/wp-content\/uploads\/2024\/12\/20150910_092634-150x150.jpg",150,150,true],"medium":["https:\/\/nevizatravelchannel.com\/wp-content\/uploads\/2024\/12\/20150910_092634-300x113.jpg",300,113,true],"medium_large":["https:\/\/nevizatravelchannel.com\/wp-content\/uploads\/2024\/12\/20150910_092634-scaled.jpg",768,290,false],"large":["https:\/\/nevizatravelchannel.com\/wp-content\/uploads\/2024\/12\/20150910_092634-1024x386.jpg",950,358,true],"1536x1536":["https:\/\/nevizatravelchannel.com\/wp-content\/uploads\/2024\/12\/20150910_092634-scaled-1536x579.jpg",1536,579,true],"2048x2048":["https:\/\/nevizatravelchannel.com\/wp-content\/uploads\/2024\/12\/20150910_092634-scaled-2048x772.jpg",2048,772,true],"inspiro-featured-image":["https:\/\/nevizatravelchannel.com\/wp-content\/uploads\/2024\/12\/20150910_092634-2000x754.jpg",2000,754,true],"inspiro-loop":["https:\/\/nevizatravelchannel.com\/wp-content\/uploads\/2024\/12\/20150910_092634-950x320.jpg",950,320,true],"inspiro-loop@2x":["https:\/\/nevizatravelchannel.com\/wp-content\/uploads\/2024\/12\/20150910_092634-1900x640.jpg",1900,640,true],"portfolio_item-thumbnail":["https:\/\/nevizatravelchannel.com\/wp-content\/uploads\/2024\/12\/20150910_092634-scaled-600x400.jpg",600,400,true],"portfolio_item-thumbnail@2x":["https:\/\/nevizatravelchannel.com\/wp-content\/uploads\/2024\/12\/20150910_092634-scaled-1200x800.jpg",1200,800,true],"portfolio_item-masonry":["https:\/\/nevizatravelchannel.com\/wp-content\/uploads\/2024\/12\/20150910_092634-scaled-600x226.jpg",600,226,true],"portfolio_item-masonry@2x":["https:\/\/nevizatravelchannel.com\/wp-content\/uploads\/2024\/12\/20150910_092634-scaled-1200x452.jpg",1200,452,true],"portfolio_item-thumbnail_cinema":["https:\/\/nevizatravelchannel.com\/wp-content\/uploads\/2024\/12\/20150910_092634-scaled-800x335.jpg",800,335,true],"portfolio_item-thumbnail_portrait":["https:\/\/nevizatravelchannel.com\/wp-content\/uploads\/2024\/12\/20150910_092634-scaled-600x900.jpg",600,900,true],"portfolio_item-thumbnail_portrait@2x":["https:\/\/nevizatravelchannel.com\/wp-content\/uploads\/2024\/12\/20150910_092634-scaled-1200x965.jpg",1200,965,true],"portfolio_item-thumbnail_square":["https:\/\/nevizatravelchannel.com\/wp-content\/uploads\/2024\/12\/20150910_092634-scaled-800x800.jpg",800,800,true]},"_links":{"self":[{"href":"https:\/\/nevizatravelchannel.com\/index.php\/wp-json\/wp\/v2\/pages\/14","targetHints":{"allow":["GET"]}}],"collection":[{"href":"https:\/\/nevizatravelchannel.com\/index.php\/wp-json\/wp\/v2\/pages"}],"about":[{"href":"https:\/\/nevizatravelchannel.com\/index.php\/wp-json\/wp\/v2\/types\/page"}],"author":[{"embeddable":true,"href":"https:\/\/nevizatravelchannel.com\/index.php\/wp-json\/wp\/v2\/users\/1"}],"replies":[{"embeddable":true,"href":"https:\/\/nevizatravelchannel.com\/index.php\/wp-json\/wp\/v2\/comments?post=14"}],"version-history":[{"count":7,"href":"https:\/\/nevizatravelchannel.com\/index.php\/wp-json\/wp\/v2\/pages\/14\/revisions"}],"predecessor-version":[{"id":422,"href":"https:\/\/nevizatravelchannel.com\/index.php\/wp-json\/wp\/v2\/pages\/14\/revisions\/422"}],"wp:featuredmedia":[{"embeddable":true,"href":"https:\/\/nevizatravelchannel.com\/index.php\/wp-json\/wp\/v2\/media\/175"}],"wp:attachment":[{"href":"https:\/\/nevizatravelchannel.com\/index.php\/wp-json\/wp\/v2\/media?parent=14"}],"curies":[{"name":"wp","href":"https:\/\/api.w.org\/{rel}","templated":true}]}}