{"id":155,"date":"2024-12-03T20:03:24","date_gmt":"2024-12-04T01:03:24","guid":{"rendered":"https:\/\/nevizatravelchannel.com\/?page_id=155"},"modified":"2024-12-10T21:01:26","modified_gmt":"2024-12-11T02:01:26","slug":"momias-de-nazca","status":"publish","type":"page","link":"https:\/\/nevizatravelchannel.com\/index.php\/momias-de-nazca\/","title":{"rendered":"Momias de Nazca"},"content":{"rendered":"\n<p>Como integrante del Instituto Inkarri &#8211; Cusco, desde el a\u00f1o 2016, particip\u00e9 en un hallazgo muy pol\u00e9mico y controversial, unos cuerpos encontrados en el desierto de Nasca y Palpa con tres dedos en pies y manos adem\u00e1s de un cr\u00e1neo alargado, que parece no corresponder al Homo Sapiens Sapiens, mi acceso a los ex\u00e1menes de ADN, Carbono 14, Ex\u00e1menes Tomogr\u00e1ficos, de Piel, de metales entre otros, me permitieron tener mi propia opini\u00f3n sobre la investigaci\u00f3n y es la misma que comparto con las personas interesadas en saber con mayor detalle de este controversial tema.<\/p>\n\n\n\n<figure class=\"wp-block-image size-large is-resized is-style-default\"><img loading=\"lazy\" decoding=\"async\" width=\"731\" height=\"1024\" src=\"https:\/\/nevizatravelchannel.com\/wp-content\/uploads\/2024\/12\/Conferencia-en-Biblioteca-ok-731x1024.jpg\" alt=\"\" class=\"wp-image-156\" style=\"width:648px;height:auto\" srcset=\"https:\/\/nevizatravelchannel.com\/wp-content\/uploads\/2024\/12\/Conferencia-en-Biblioteca-ok-731x1024.jpg 731w, https:\/\/nevizatravelchannel.com\/wp-content\/uploads\/2024\/12\/Conferencia-en-Biblioteca-ok-214x300.jpg 214w, https:\/\/nevizatravelchannel.com\/wp-content\/uploads\/2024\/12\/Conferencia-en-Biblioteca-ok.jpg 1000w\" sizes=\"auto, (max-width: 731px) 100vw, 731px\" \/><\/figure>\n\n\n\n<figure class=\"wp-block-image size-large is-resized\"><img loading=\"lazy\" decoding=\"async\" width=\"1024\" height=\"1024\" src=\"https:\/\/nevizatravelchannel.com\/wp-content\/uploads\/2024\/12\/Momias-Nasca-primer-informe-1024x1024.jpg\" alt=\"\" class=\"wp-image-157\" style=\"width:650px;height:auto\" srcset=\"https:\/\/nevizatravelchannel.com\/wp-content\/uploads\/2024\/12\/Momias-Nasca-primer-informe-1024x1024.jpg 1024w, https:\/\/nevizatravelchannel.com\/wp-content\/uploads\/2024\/12\/Momias-Nasca-primer-informe-300x300.jpg 300w, https:\/\/nevizatravelchannel.com\/wp-content\/uploads\/2024\/12\/Momias-Nasca-primer-informe-150x150.jpg 150w, https:\/\/nevizatravelchannel.com\/wp-content\/uploads\/2024\/12\/Momias-Nasca-primer-informe.jpg 1480w\" sizes=\"auto, (max-width: 1024px) 100vw, 1024px\" \/><\/figure>\n\n\n\n<figure class=\"wp-block-image size-large is-resized\"><img loading=\"lazy\" decoding=\"async\" width=\"1024\" height=\"576\" src=\"https:\/\/nevizatravelchannel.com\/wp-content\/uploads\/2024\/12\/Momia-con-resplandor-1024x576.jpg\" alt=\"\" class=\"wp-image-158\" style=\"width:659px;height:auto\" srcset=\"https:\/\/nevizatravelchannel.com\/wp-content\/uploads\/2024\/12\/Momia-con-resplandor-1024x576.jpg 1024w, https:\/\/nevizatravelchannel.com\/wp-content\/uploads\/2024\/12\/Momia-con-resplandor-300x169.jpg 300w, https:\/\/nevizatravelchannel.com\/wp-content\/uploads\/2024\/12\/Momia-con-resplandor-2000x1125.jpg 2000w\" sizes=\"auto, (max-width: 1024px) 100vw, 1024px\" \/><\/figure>\n\n\n\n<figure class=\"wp-block-image size-large is-resized\"><img loading=\"lazy\" decoding=\"async\" width=\"1024\" height=\"1024\" src=\"https:\/\/nevizatravelchannel.com\/wp-content\/uploads\/2024\/12\/Unknown-Nasca-1024x1024.jpg\" alt=\"\" class=\"wp-image-159\" style=\"width:668px;height:auto\" srcset=\"https:\/\/nevizatravelchannel.com\/wp-content\/uploads\/2024\/12\/Unknown-Nasca-1024x1024.jpg 1024w, https:\/\/nevizatravelchannel.com\/wp-content\/uploads\/2024\/12\/Unknown-Nasca-300x300.jpg 300w, https:\/\/nevizatravelchannel.com\/wp-content\/uploads\/2024\/12\/Unknown-Nasca-150x150.jpg 150w, https:\/\/nevizatravelchannel.com\/wp-content\/uploads\/2024\/12\/Unknown-Nasca.jpg 1200w\" sizes=\"auto, (max-width: 1024px) 100vw, 1024px\" \/><\/figure>\n","protected":false},"excerpt":{"rendered":"<p>Como integrante del Instituto Inkarri &#8211; Cusco, desde el a\u00f1o 2016, particip\u00e9 en un hallazgo muy pol\u00e9mico y controversial, unos cuerpos encontrados en el desierto de Nasca y Palpa con tres dedos en pies y manos adem\u00e1s de un cr\u00e1neo alargado, que parece no corresponder al Homo Sapiens Sapiens, mi acceso a los ex\u00e1menes de &hellip; <\/p>\n<p class=\"link-more\"><a href=\"https:\/\/nevizatravelchannel.com\/index.php\/momias-de-nazca\/\" class=\"more-link\">Leer m\u00e1s<span class=\"screen-reader-text\"> \u00abMomias de Nazca\u00bb<\/span><\/a><\/p>\n","protected":false},"author":1,"featured_media":0,"parent":0,"menu_order":0,"comment_status":"closed","ping_status":"closed","template":"","meta":{"footnotes":""},"class_list":["post-155","page","type-page","status-publish","hentry"],"featured_media_urls":[],"_links":{"self":[{"href":"https:\/\/nevizatravelchannel.com\/index.php\/wp-json\/wp\/v2\/pages\/155","targetHints":{"allow":["GET"]}}],"collection":[{"href":"https:\/\/nevizatravelchannel.com\/index.php\/wp-json\/wp\/v2\/pages"}],"about":[{"href":"https:\/\/nevizatravelchannel.com\/index.php\/wp-json\/wp\/v2\/types\/page"}],"author":[{"embeddable":true,"href":"https:\/\/nevizatravelchannel.com\/index.php\/wp-json\/wp\/v2\/users\/1"}],"replies":[{"embeddable":true,"href":"https:\/\/nevizatravelchannel.com\/index.php\/wp-json\/wp\/v2\/comments?post=155"}],"version-history":[{"count":4,"href":"https:\/\/nevizatravelchannel.com\/index.php\/wp-json\/wp\/v2\/pages\/155\/revisions"}],"predecessor-version":[{"id":337,"href":"https:\/\/nevizatravelchannel.com\/index.php\/wp-json\/wp\/v2\/pages\/155\/revisions\/337"}],"wp:attachment":[{"href":"https:\/\/nevizatravelchannel.com\/index.php\/wp-json\/wp\/v2\/media?parent=155"}],"curies":[{"name":"wp","href":"https:\/\/api.w.org\/{rel}","templated":true}]}}