{"id":252,"date":"2024-12-06T22:05:06","date_gmt":"2024-12-07T03:05:06","guid":{"rendered":"https:\/\/nevizatravelchannel.com\/?page_id=252"},"modified":"2025-01-22T22:40:27","modified_gmt":"2025-01-23T03:40:27","slug":"ufo-turismo","status":"publish","type":"page","link":"https:\/\/nevizatravelchannel.com\/index.php\/ufo-turismo\/","title":{"rendered":"Ufo Turismo"},"content":{"rendered":"\n<p>Nuestros TOURS de UFOLOG\u00cdA son un PRODUCTO TUR\u00cdSTICO dise\u00f1ado de manera EXCLUSIVA por Neviza Travel Channel, en estos recorridos los llevamos por lugares fabulosos que guardan enigmas y misterios, lugares que no son parte de los recorridos de Turismo Tradicional ofrecidos en Cusco, la interpretaci\u00f3n que hacemos de estos lugares tiene mucho que ver con antiguas Civilizaciones, que habr\u00edan dejado testimonio de su presencia en nuestro planeta. El creador de estos Tours Ufol\u00f3gicos es Edward Valenzuela Gil, un investigador que el a\u00f1o 2016 di\u00f3 a conocer con el Grupo INKARRI CUSCO <a href=\"https:\/\/instituto-inkarri.com\/miembros-instituto-inkarri\/\">https:\/\/instituto-inkarri.com\/miembros-instituto-inkarri\/<\/a> la existencia de unos extra\u00f1os cuerpos desecados hallados en el desierto de Per\u00fa, a los cuales llamaron \u00abLas Momias de Nazca.<\/p>\n\n\n\n<p>En base a esta investigaci\u00f3n se plantea en estos Tours, muchas evidencias que demostrar\u00edan que nuestro planeta fue visitado hace miles de a\u00f1os y que incluso estas antiguas civilizaciones hayan tenido contacto con culturas antiguas alrededeor del mundo, un tema sin duda apasionante y controversial que podr\u00e1 disfrutar con nuestros Gu\u00edas Profesionales o incluso directamente con el Investigador del caso Momias de Nazca. <a href=\"https:\/\/www.the-alien-project.com\/\">https:\/\/www.the-alien-project.com\/<\/a><\/p>\n\n\n\n<p><\/p>\n\n\n\n<p><\/p>\n","protected":false},"excerpt":{"rendered":"<p>Nuestros TOURS de UFOLOG\u00cdA son un PRODUCTO TUR\u00cdSTICO dise\u00f1ado de manera EXCLUSIVA por Neviza Travel Channel, en estos recorridos los llevamos por lugares fabulosos que guardan enigmas y misterios, lugares que no son parte de los recorridos de Turismo Tradicional ofrecidos en Cusco, la interpretaci\u00f3n que hacemos de estos lugares tiene mucho que ver con &hellip; <\/p>\n<p class=\"link-more\"><a href=\"https:\/\/nevizatravelchannel.com\/index.php\/ufo-turismo\/\" class=\"more-link\">Leer m\u00e1s<span class=\"screen-reader-text\"> \u00abUfo Turismo\u00bb<\/span><\/a><\/p>\n","protected":false},"author":1,"featured_media":0,"parent":0,"menu_order":0,"comment_status":"closed","ping_status":"closed","template":"","meta":{"footnotes":""},"class_list":["post-252","page","type-page","status-publish","hentry"],"featured_media_urls":[],"_links":{"self":[{"href":"https:\/\/nevizatravelchannel.com\/index.php\/wp-json\/wp\/v2\/pages\/252","targetHints":{"allow":["GET"]}}],"collection":[{"href":"https:\/\/nevizatravelchannel.com\/index.php\/wp-json\/wp\/v2\/pages"}],"about":[{"href":"https:\/\/nevizatravelchannel.com\/index.php\/wp-json\/wp\/v2\/types\/page"}],"author":[{"embeddable":true,"href":"https:\/\/nevizatravelchannel.com\/index.php\/wp-json\/wp\/v2\/users\/1"}],"replies":[{"embeddable":true,"href":"https:\/\/nevizatravelchannel.com\/index.php\/wp-json\/wp\/v2\/comments?post=252"}],"version-history":[{"count":4,"href":"https:\/\/nevizatravelchannel.com\/index.php\/wp-json\/wp\/v2\/pages\/252\/revisions"}],"predecessor-version":[{"id":436,"href":"https:\/\/nevizatravelchannel.com\/index.php\/wp-json\/wp\/v2\/pages\/252\/revisions\/436"}],"wp:attachment":[{"href":"https:\/\/nevizatravelchannel.com\/index.php\/wp-json\/wp\/v2\/media?parent=252"}],"curies":[{"name":"wp","href":"https:\/\/api.w.org\/{rel}","templated":true}]}}