{"id":257,"date":"2024-12-07T15:56:43","date_gmt":"2024-12-07T20:56:43","guid":{"rendered":"https:\/\/nevizatravelchannel.com\/?page_id=257"},"modified":"2024-12-11T20:43:51","modified_gmt":"2024-12-12T01:43:51","slug":"el-enigma-de-las-huacas","status":"publish","type":"page","link":"https:\/\/nevizatravelchannel.com\/index.php\/el-enigma-de-las-huacas\/","title":{"rendered":"El  Secreto de las Huacas"},"content":{"rendered":"\n<p>Este Tour Peatonal empieza a las 9 am, nuestro Guia los recogera del Hotel y en un transporte privado los llevar\u00e1 al punto de inicio de la caminata a las afueras de Cusco, por la zona de Qenqo, desde este lugar se visitaran varias Huacas, como el templo de la luna, para continuar por Inkiltambo y finalizar en Machu Choquequiraw.<\/p>\n\n\n\n<p>La caminata es tendida, no requiere de gran esfuerzo f\u00edsico y dura aproximadamente 5 horas, toda la interpretaci\u00f3n del Gu\u00eda tiene que ver con temas relacionados a la Ufolog\u00eda.<\/p>\n\n\n\n<figure class=\"wp-block-image size-full is-resized\"><img loading=\"lazy\" decoding=\"async\" width=\"640\" height=\"480\" src=\"https:\/\/nevizatravelchannel.com\/wp-content\/uploads\/2024\/12\/Kallachaca-02.jpg\" alt=\"\" class=\"wp-image-364\" style=\"width:762px;height:auto\" srcset=\"https:\/\/nevizatravelchannel.com\/wp-content\/uploads\/2024\/12\/Kallachaca-02.jpg 640w, https:\/\/nevizatravelchannel.com\/wp-content\/uploads\/2024\/12\/Kallachaca-02-300x225.jpg 300w\" sizes=\"auto, (max-width: 640px) 100vw, 640px\" \/><figcaption class=\"wp-element-caption\"><strong>Portada de Misterio &#8211; UFO TURISMO<\/strong><\/figcaption><\/figure>\n\n\n\n<figure class=\"wp-block-image size-full is-resized\"><img loading=\"lazy\" decoding=\"async\" width=\"1000\" height=\"757\" src=\"https:\/\/nevizatravelchannel.com\/wp-content\/uploads\/2024\/12\/inkilltambo-2.jpeg\" alt=\"\" class=\"wp-image-365\" style=\"width:779px;height:auto\" srcset=\"https:\/\/nevizatravelchannel.com\/wp-content\/uploads\/2024\/12\/inkilltambo-2.jpeg 1000w, https:\/\/nevizatravelchannel.com\/wp-content\/uploads\/2024\/12\/inkilltambo-2-300x227.jpeg 300w\" sizes=\"auto, (max-width: 1000px) 100vw, 1000px\" \/><figcaption class=\"wp-element-caption\"><strong>Inkilltambo Huaca de Misterio &#8211; UFO TURISMO<\/strong><\/figcaption><\/figure>\n","protected":false},"excerpt":{"rendered":"<p>Este Tour Peatonal empieza a las 9 am, nuestro Guia los recogera del Hotel y en un transporte privado los llevar\u00e1 al punto de inicio de la caminata a las afueras de Cusco, por la zona de Qenqo, desde este lugar se visitaran varias Huacas, como el templo de la luna, para continuar por Inkiltambo &hellip; <\/p>\n<p class=\"link-more\"><a href=\"https:\/\/nevizatravelchannel.com\/index.php\/el-enigma-de-las-huacas\/\" class=\"more-link\">Leer m\u00e1s<span class=\"screen-reader-text\"> \u00abEl  Secreto de las Huacas\u00bb<\/span><\/a><\/p>\n","protected":false},"author":1,"featured_media":0,"parent":0,"menu_order":0,"comment_status":"closed","ping_status":"closed","template":"","meta":{"footnotes":""},"class_list":["post-257","page","type-page","status-publish","hentry"],"featured_media_urls":[],"_links":{"self":[{"href":"https:\/\/nevizatravelchannel.com\/index.php\/wp-json\/wp\/v2\/pages\/257","targetHints":{"allow":["GET"]}}],"collection":[{"href":"https:\/\/nevizatravelchannel.com\/index.php\/wp-json\/wp\/v2\/pages"}],"about":[{"href":"https:\/\/nevizatravelchannel.com\/index.php\/wp-json\/wp\/v2\/types\/page"}],"author":[{"embeddable":true,"href":"https:\/\/nevizatravelchannel.com\/index.php\/wp-json\/wp\/v2\/users\/1"}],"replies":[{"embeddable":true,"href":"https:\/\/nevizatravelchannel.com\/index.php\/wp-json\/wp\/v2\/comments?post=257"}],"version-history":[{"count":3,"href":"https:\/\/nevizatravelchannel.com\/index.php\/wp-json\/wp\/v2\/pages\/257\/revisions"}],"predecessor-version":[{"id":366,"href":"https:\/\/nevizatravelchannel.com\/index.php\/wp-json\/wp\/v2\/pages\/257\/revisions\/366"}],"wp:attachment":[{"href":"https:\/\/nevizatravelchannel.com\/index.php\/wp-json\/wp\/v2\/media?parent=257"}],"curies":[{"name":"wp","href":"https:\/\/api.w.org\/{rel}","templated":true}]}}