{"id":263,"date":"2024-12-07T16:01:23","date_gmt":"2024-12-07T21:01:23","guid":{"rendered":"https:\/\/nevizatravelchannel.com\/?page_id=263"},"modified":"2024-12-11T20:27:27","modified_gmt":"2024-12-12T01:27:27","slug":"chinkanas-zona-x-la-cabeza-tallada","status":"publish","type":"page","link":"https:\/\/nevizatravelchannel.com\/index.php\/chinkanas-zona-x-la-cabeza-tallada\/","title":{"rendered":"El Enigma de la cabeza con forma de coraz\u00f3n"},"content":{"rendered":"\n<p>Para este TOUR hay que dirigirnos al Valle Sagrado de los Inkas, y en el trayecto visitaremos la CHINKANA GRANDE, una Huaca muy especial, para luego continuar por otra Huaca \u00fanica conocida como la ZONA X, ambos, lugares muy energ\u00e9ticos. El siguiente destino es una visita r\u00e1pida al pueblo de Pisaq, para luego continuar hacia la ciudad de Calca y de ah\u00ed, al sitio arqueol\u00f3gico de Urco, donde se halla la Huaca con ese extra\u00f1o tallado.<\/p>\n\n\n\n<p>En este recorrido no se camina mucho, ya que la movilidad nos dejar\u00e1 muy cerca, todo el recorrido, desde la salida de Cusco hasta el retorno es de 05 horas aproximadamente, toda la interpretaci\u00f3n del Gu\u00eda tiene que ver con temas relacionados a la UFOLOG\u00cdA.<\/p>\n\n\n\n<figure class=\"wp-block-image size-large is-resized\"><img loading=\"lazy\" decoding=\"async\" width=\"1024\" height=\"682\" src=\"https:\/\/nevizatravelchannel.com\/wp-content\/uploads\/2024\/12\/URCO-tallado-1024x682.jpg\" alt=\"\" class=\"wp-image-360\" style=\"width:889px;height:auto\" srcset=\"https:\/\/nevizatravelchannel.com\/wp-content\/uploads\/2024\/12\/URCO-tallado-1024x682.jpg 1024w, https:\/\/nevizatravelchannel.com\/wp-content\/uploads\/2024\/12\/URCO-tallado-300x200.jpg 300w, https:\/\/nevizatravelchannel.com\/wp-content\/uploads\/2024\/12\/URCO-tallado-600x400.jpg 600w, https:\/\/nevizatravelchannel.com\/wp-content\/uploads\/2024\/12\/URCO-tallado-1200x800.jpg 1200w, https:\/\/nevizatravelchannel.com\/wp-content\/uploads\/2024\/12\/URCO-tallado.jpg 1600w\" sizes=\"auto, (max-width: 1024px) 100vw, 1024px\" \/><figcaption class=\"wp-element-caption\"><strong>Piedra Tallada &#8211; UFO TURISMO<\/strong><\/figcaption><\/figure>\n\n\n\n<figure class=\"wp-block-image size-full is-resized\"><img loading=\"lazy\" decoding=\"async\" width=\"640\" height=\"384\" src=\"https:\/\/nevizatravelchannel.com\/wp-content\/uploads\/2024\/12\/Chincana-Grande.jpg\" alt=\"\" class=\"wp-image-361\" style=\"width:895px;height:auto\" srcset=\"https:\/\/nevizatravelchannel.com\/wp-content\/uploads\/2024\/12\/Chincana-Grande.jpg 640w, https:\/\/nevizatravelchannel.com\/wp-content\/uploads\/2024\/12\/Chincana-Grande-300x180.jpg 300w\" sizes=\"auto, (max-width: 640px) 100vw, 640px\" \/><figcaption class=\"wp-element-caption\"><strong>Chinkana Grande &#8211; UFO TURISMO<\/strong><\/figcaption><\/figure>\n","protected":false},"excerpt":{"rendered":"<p>Para este TOUR hay que dirigirnos al Valle Sagrado de los Inkas, y en el trayecto visitaremos la CHINKANA GRANDE, una Huaca muy especial, para luego continuar por otra Huaca \u00fanica conocida como la ZONA X, ambos, lugares muy energ\u00e9ticos. El siguiente destino es una visita r\u00e1pida al pueblo de Pisaq, para luego continuar hacia &hellip; <\/p>\n<p class=\"link-more\"><a href=\"https:\/\/nevizatravelchannel.com\/index.php\/chinkanas-zona-x-la-cabeza-tallada\/\" class=\"more-link\">Leer m\u00e1s<span class=\"screen-reader-text\"> \u00abEl Enigma de la cabeza con forma de coraz\u00f3n\u00bb<\/span><\/a><\/p>\n","protected":false},"author":1,"featured_media":0,"parent":0,"menu_order":0,"comment_status":"closed","ping_status":"closed","template":"","meta":{"footnotes":""},"class_list":["post-263","page","type-page","status-publish","hentry"],"featured_media_urls":[],"_links":{"self":[{"href":"https:\/\/nevizatravelchannel.com\/index.php\/wp-json\/wp\/v2\/pages\/263","targetHints":{"allow":["GET"]}}],"collection":[{"href":"https:\/\/nevizatravelchannel.com\/index.php\/wp-json\/wp\/v2\/pages"}],"about":[{"href":"https:\/\/nevizatravelchannel.com\/index.php\/wp-json\/wp\/v2\/types\/page"}],"author":[{"embeddable":true,"href":"https:\/\/nevizatravelchannel.com\/index.php\/wp-json\/wp\/v2\/users\/1"}],"replies":[{"embeddable":true,"href":"https:\/\/nevizatravelchannel.com\/index.php\/wp-json\/wp\/v2\/comments?post=263"}],"version-history":[{"count":3,"href":"https:\/\/nevizatravelchannel.com\/index.php\/wp-json\/wp\/v2\/pages\/263\/revisions"}],"predecessor-version":[{"id":362,"href":"https:\/\/nevizatravelchannel.com\/index.php\/wp-json\/wp\/v2\/pages\/263\/revisions\/362"}],"wp:attachment":[{"href":"https:\/\/nevizatravelchannel.com\/index.php\/wp-json\/wp\/v2\/media?parent=263"}],"curies":[{"name":"wp","href":"https:\/\/api.w.org\/{rel}","templated":true}]}}