{"id":269,"date":"2024-12-07T16:07:07","date_gmt":"2024-12-07T21:07:07","guid":{"rendered":"https:\/\/nevizatravelchannel.com\/?page_id=269"},"modified":"2024-12-12T18:50:24","modified_gmt":"2024-12-12T23:50:24","slug":"city-tour","status":"publish","type":"page","link":"https:\/\/nevizatravelchannel.com\/index.php\/city-tour\/","title":{"rendered":"City Tour"},"content":{"rendered":"\n<p>Este es un recorrido tur\u00edstico de medio d\u00eda, que  iniciamos en el coraz\u00f3n de Cusco, para visitar primero la Catedral para ver todo el arte religioso que guarda en su interior, continuaremos por el Templo del Qoricancha, fastuosa edificaci\u00f3n Inka de fino acabado, una joya arquitect\u00f3nica de estlo \u00abInka Imperial\u00bb se cntin\u00faa  visitando Sacsayhuman una construcci\u00f3n con enormes muros petreos que son todo un enigma, el siguiente punto de visita es Qenqo, una formaci\u00f3n rocosa con tallados en la parte superior y un impresionante tallado en roca al interior.<\/p>\n\n\n\n<p>La Visita continua yendo hacia Puka Pukara, un centro militar segun los investigadores y finalmente Tambomachay, donde se encuentra una hermosa fuente de agua tallada con fina precisi\u00f3n y que pese al paso de los a\u00f1os sigue en actividad desde \u00e9poca Inka.<\/p>\n\n\n\n<figure class=\"wp-block-image size-large is-resized\"><img loading=\"lazy\" decoding=\"async\" width=\"1024\" height=\"713\" src=\"https:\/\/nevizatravelchannel.com\/wp-content\/uploads\/2024\/12\/Plaza-Armas-Cusco-1-1024x713.jpg\" alt=\"\" class=\"wp-image-372\" style=\"width:922px;height:auto\" srcset=\"https:\/\/nevizatravelchannel.com\/wp-content\/uploads\/2024\/12\/Plaza-Armas-Cusco-1-1024x713.jpg 1024w, https:\/\/nevizatravelchannel.com\/wp-content\/uploads\/2024\/12\/Plaza-Armas-Cusco-1-300x209.jpg 300w, https:\/\/nevizatravelchannel.com\/wp-content\/uploads\/2024\/12\/Plaza-Armas-Cusco-1-2000x1393.jpg 2000w, https:\/\/nevizatravelchannel.com\/wp-content\/uploads\/2024\/12\/Plaza-Armas-Cusco-1.jpg 2048w\" sizes=\"auto, (max-width: 1024px) 100vw, 1024px\" \/><figcaption class=\"wp-element-caption\"><strong>Plaza Mayor con la Catedral y la Compa\u00f1\u00eda de Jes\u00fas<\/strong><\/figcaption><\/figure>\n\n\n\n<figure class=\"wp-block-image size-large is-resized\"><img loading=\"lazy\" decoding=\"async\" width=\"1024\" height=\"576\" src=\"https:\/\/nevizatravelchannel.com\/wp-content\/uploads\/2024\/12\/Sacsayhuaman-1024x576.jpg\" alt=\"\" class=\"wp-image-373\" style=\"width:926px;height:auto\" srcset=\"https:\/\/nevizatravelchannel.com\/wp-content\/uploads\/2024\/12\/Sacsayhuaman-1024x576.jpg 1024w, https:\/\/nevizatravelchannel.com\/wp-content\/uploads\/2024\/12\/Sacsayhuaman-300x169.jpg 300w, https:\/\/nevizatravelchannel.com\/wp-content\/uploads\/2024\/12\/Sacsayhuaman.jpg 1920w\" sizes=\"auto, (max-width: 1024px) 100vw, 1024px\" \/><figcaption class=\"wp-element-caption\"><strong>Muros colosales de Sacsayhuaman<\/strong><\/figcaption><\/figure>\n\n\n\n<figure class=\"wp-block-image size-full is-resized\"><img loading=\"lazy\" decoding=\"async\" width=\"897\" height=\"576\" src=\"https:\/\/nevizatravelchannel.com\/wp-content\/uploads\/2024\/12\/Qenqo.jpg\" alt=\"\" class=\"wp-image-374\" style=\"width:926px;height:auto\" srcset=\"https:\/\/nevizatravelchannel.com\/wp-content\/uploads\/2024\/12\/Qenqo.jpg 897w, https:\/\/nevizatravelchannel.com\/wp-content\/uploads\/2024\/12\/Qenqo-300x193.jpg 300w\" sizes=\"auto, (max-width: 897px) 100vw, 897px\" \/><figcaption class=\"wp-element-caption\"><strong>La Huaca de Qenqo<\/strong><\/figcaption><\/figure>\n\n\n\n<figure class=\"wp-block-image size-large is-resized\"><img loading=\"lazy\" decoding=\"async\" width=\"1024\" height=\"468\" src=\"https:\/\/nevizatravelchannel.com\/wp-content\/uploads\/2024\/12\/Tambomachay-1024x468.jpg\" alt=\"\" class=\"wp-image-375\" style=\"width:932px;height:auto\" srcset=\"https:\/\/nevizatravelchannel.com\/wp-content\/uploads\/2024\/12\/Tambomachay-1024x468.jpg 1024w, https:\/\/nevizatravelchannel.com\/wp-content\/uploads\/2024\/12\/Tambomachay-300x137.jpg 300w, https:\/\/nevizatravelchannel.com\/wp-content\/uploads\/2024\/12\/Tambomachay.jpg 1160w\" sizes=\"auto, (max-width: 1024px) 100vw, 1024px\" \/><figcaption class=\"wp-element-caption\"><strong>La fuente de agua de Tambomachay<\/strong><\/figcaption><\/figure>\n","protected":false},"excerpt":{"rendered":"<p>Este es un recorrido tur\u00edstico de medio d\u00eda, que iniciamos en el coraz\u00f3n de Cusco, para visitar primero la Catedral para ver todo el arte religioso que guarda en su interior, continuaremos por el Templo del Qoricancha, fastuosa edificaci\u00f3n Inka de fino acabado, una joya arquitect\u00f3nica de estlo \u00abInka Imperial\u00bb se cntin\u00faa visitando Sacsayhuman una &hellip; <\/p>\n<p class=\"link-more\"><a href=\"https:\/\/nevizatravelchannel.com\/index.php\/city-tour\/\" class=\"more-link\">Leer m\u00e1s<span class=\"screen-reader-text\"> \u00abCity Tour\u00bb<\/span><\/a><\/p>\n","protected":false},"author":1,"featured_media":0,"parent":0,"menu_order":0,"comment_status":"closed","ping_status":"closed","template":"","meta":{"footnotes":""},"class_list":["post-269","page","type-page","status-publish","hentry"],"featured_media_urls":[],"_links":{"self":[{"href":"https:\/\/nevizatravelchannel.com\/index.php\/wp-json\/wp\/v2\/pages\/269","targetHints":{"allow":["GET"]}}],"collection":[{"href":"https:\/\/nevizatravelchannel.com\/index.php\/wp-json\/wp\/v2\/pages"}],"about":[{"href":"https:\/\/nevizatravelchannel.com\/index.php\/wp-json\/wp\/v2\/types\/page"}],"author":[{"embeddable":true,"href":"https:\/\/nevizatravelchannel.com\/index.php\/wp-json\/wp\/v2\/users\/1"}],"replies":[{"embeddable":true,"href":"https:\/\/nevizatravelchannel.com\/index.php\/wp-json\/wp\/v2\/comments?post=269"}],"version-history":[{"count":3,"href":"https:\/\/nevizatravelchannel.com\/index.php\/wp-json\/wp\/v2\/pages\/269\/revisions"}],"predecessor-version":[{"id":376,"href":"https:\/\/nevizatravelchannel.com\/index.php\/wp-json\/wp\/v2\/pages\/269\/revisions\/376"}],"wp:attachment":[{"href":"https:\/\/nevizatravelchannel.com\/index.php\/wp-json\/wp\/v2\/media?parent=269"}],"curies":[{"name":"wp","href":"https:\/\/api.w.org\/{rel}","templated":true}]}}