{"id":271,"date":"2024-12-07T16:07:54","date_gmt":"2024-12-07T21:07:54","guid":{"rendered":"https:\/\/nevizatravelchannel.com\/?page_id=271"},"modified":"2024-12-12T19:03:11","modified_gmt":"2024-12-13T00:03:11","slug":"valle-sagrado","status":"publish","type":"page","link":"https:\/\/nevizatravelchannel.com\/index.php\/valle-sagrado\/","title":{"rendered":"Valle Sagrado"},"content":{"rendered":"\n<p>Este es un recorrido Fullday, salimos de Cusco con direcci\u00f3n al Valle Sagrado de los Inkas, el primer lugfar a visitar es el Poblado de Pisaq, un lugar peque\u00f1o donde pueden adquirir artesan\u00edas, despu\u00e9s de una breve visita, enrumbamos hacia el centro Arqueol\u00f3gico de Pisaq, donde se ven incre\u00edbles andenes, concluida la visita el siguiente destino es Calca, un recorrido por su plaza pincipal, para continuar y visitar el Sitio Arqueol\u00f3gico de Urco. Terminada la visita proseguimos la aventura a nuestro siguiente punto de visita y es Urubamba, donde nos dtendremos para almorzar.<\/p>\n\n\n\n<p>Ya por la tarde, dejaremos Urubamba, para dirigirnos hacia Ollantaytambo, el ultimo punto de nuestra visita, este poblado es peculiar ya que sus antiguas calles se siguen conservando como en \u00e9poca Inka, por eso algunos le llaman el \u00faltimo pueblo inka viviente, opcionalmente caminaremos por sus calles, para luego visitar el Centro Arqueol\u00f3gico, donde se encuentran unos enormes bloques p\u00e9treos que son la admiraci\u00f3n de todos los que llegan a conocerla.<\/p>\n\n\n\n<figure class=\"wp-block-image size-full is-resized\"><img loading=\"lazy\" decoding=\"async\" width=\"800\" height=\"400\" src=\"https:\/\/nevizatravelchannel.com\/wp-content\/uploads\/2024\/12\/Pisaq-Andenes.jpg\" alt=\"\" class=\"wp-image-378\" style=\"width:880px;height:auto\" srcset=\"https:\/\/nevizatravelchannel.com\/wp-content\/uploads\/2024\/12\/Pisaq-Andenes.jpg 800w, https:\/\/nevizatravelchannel.com\/wp-content\/uploads\/2024\/12\/Pisaq-Andenes-300x150.jpg 300w\" sizes=\"auto, (max-width: 800px) 100vw, 800px\" \/><figcaption class=\"wp-element-caption\"><strong>Andenes en el Centro Arqueol\u00f3gico de Pisaq<\/strong><\/figcaption><\/figure>\n\n\n\n<figure class=\"wp-block-image size-full is-resized\"><img loading=\"lazy\" decoding=\"async\" width=\"800\" height=\"494\" src=\"https:\/\/nevizatravelchannel.com\/wp-content\/uploads\/2024\/12\/Ollantaytambo.jpg\" alt=\"\" class=\"wp-image-380\" style=\"width:887px;height:auto\" srcset=\"https:\/\/nevizatravelchannel.com\/wp-content\/uploads\/2024\/12\/Ollantaytambo.jpg 800w, https:\/\/nevizatravelchannel.com\/wp-content\/uploads\/2024\/12\/Ollantaytambo-300x185.jpg 300w\" sizes=\"auto, (max-width: 800px) 100vw, 800px\" \/><figcaption class=\"wp-element-caption\"><strong>Centro Arqueol\u00f3gico de Ollantaytambo<\/strong><\/figcaption><\/figure>\n","protected":false},"excerpt":{"rendered":"<p>Este es un recorrido Fullday, salimos de Cusco con direcci\u00f3n al Valle Sagrado de los Inkas, el primer lugfar a visitar es el Poblado de Pisaq, un lugar peque\u00f1o donde pueden adquirir artesan\u00edas, despu\u00e9s de una breve visita, enrumbamos hacia el centro Arqueol\u00f3gico de Pisaq, donde se ven incre\u00edbles andenes, concluida la visita el siguiente &hellip; <\/p>\n<p class=\"link-more\"><a href=\"https:\/\/nevizatravelchannel.com\/index.php\/valle-sagrado\/\" class=\"more-link\">Leer m\u00e1s<span class=\"screen-reader-text\"> \u00abValle Sagrado\u00bb<\/span><\/a><\/p>\n","protected":false},"author":1,"featured_media":0,"parent":0,"menu_order":0,"comment_status":"closed","ping_status":"closed","template":"","meta":{"footnotes":""},"class_list":["post-271","page","type-page","status-publish","hentry"],"featured_media_urls":[],"_links":{"self":[{"href":"https:\/\/nevizatravelchannel.com\/index.php\/wp-json\/wp\/v2\/pages\/271","targetHints":{"allow":["GET"]}}],"collection":[{"href":"https:\/\/nevizatravelchannel.com\/index.php\/wp-json\/wp\/v2\/pages"}],"about":[{"href":"https:\/\/nevizatravelchannel.com\/index.php\/wp-json\/wp\/v2\/types\/page"}],"author":[{"embeddable":true,"href":"https:\/\/nevizatravelchannel.com\/index.php\/wp-json\/wp\/v2\/users\/1"}],"replies":[{"embeddable":true,"href":"https:\/\/nevizatravelchannel.com\/index.php\/wp-json\/wp\/v2\/comments?post=271"}],"version-history":[{"count":3,"href":"https:\/\/nevizatravelchannel.com\/index.php\/wp-json\/wp\/v2\/pages\/271\/revisions"}],"predecessor-version":[{"id":381,"href":"https:\/\/nevizatravelchannel.com\/index.php\/wp-json\/wp\/v2\/pages\/271\/revisions\/381"}],"wp:attachment":[{"href":"https:\/\/nevizatravelchannel.com\/index.php\/wp-json\/wp\/v2\/media?parent=271"}],"curies":[{"name":"wp","href":"https:\/\/api.w.org\/{rel}","templated":true}]}}