{"id":275,"date":"2024-12-07T16:09:38","date_gmt":"2024-12-07T21:09:38","guid":{"rendered":"https:\/\/nevizatravelchannel.com\/?page_id=275"},"modified":"2024-12-12T19:28:08","modified_gmt":"2024-12-13T00:28:08","slug":"chinchero-moray-salineras","status":"publish","type":"page","link":"https:\/\/nevizatravelchannel.com\/index.php\/chinchero-moray-salineras\/","title":{"rendered":"Chinchero\/ Moray\/ Salineras"},"content":{"rendered":"\n<p>Para este Tour, es necesario tomar una v\u00eda alterna para ir al Valle Sagrado de los Inkas, esta v\u00eda nos conduce hacia Chinchero, donde existe un bonito Centro Arqueol\u00f3gico junto a una antigua Plaza Colonial, tambi\u00e9n en este lugar podremos ver hermosos andenes, concluida la visita, proseguimos hacia el poblado de Maras, donde veremos el arte de sus portadas talladas en Piedra, para luego dirigirnos hacia un lugar de experimentaci\u00f3n agr\u00edcola llamado Moray.<\/p>\n\n\n\n<p>Podremos apreciar toda la belleza del lugar desde un mirador y si desean haremos una caminata para ver mas de cerca los andenes circulares, concluida la visita enrumbaremos hacia el ultimo lugar de visita, las Salineras de Maras, lugar donde se extrae sal pero de manera artesanal como se hac\u00eda hace muchos a\u00f1os.<\/p>\n\n\n\n<figure class=\"wp-block-image size-full is-resized\"><img loading=\"lazy\" decoding=\"async\" width=\"1024\" height=\"434\" src=\"https:\/\/nevizatravelchannel.com\/wp-content\/uploads\/2024\/12\/chinchero-plaza.jpg\" alt=\"\" class=\"wp-image-385\" style=\"width:898px;height:auto\" srcset=\"https:\/\/nevizatravelchannel.com\/wp-content\/uploads\/2024\/12\/chinchero-plaza.jpg 1024w, https:\/\/nevizatravelchannel.com\/wp-content\/uploads\/2024\/12\/chinchero-plaza-300x127.jpg 300w\" sizes=\"auto, (max-width: 1024px) 100vw, 1024px\" \/><figcaption class=\"wp-element-caption\"><strong>Plaza de Chinchero sobre muros Inkas<\/strong><\/figcaption><\/figure>\n\n\n\n<figure class=\"wp-block-image size-full is-resized\"><img loading=\"lazy\" decoding=\"async\" width=\"980\" height=\"563\" src=\"https:\/\/nevizatravelchannel.com\/wp-content\/uploads\/2024\/12\/Maras-Plaza.jpg\" alt=\"\" class=\"wp-image-386\" style=\"width:904px;height:auto\" srcset=\"https:\/\/nevizatravelchannel.com\/wp-content\/uploads\/2024\/12\/Maras-Plaza.jpg 980w, https:\/\/nevizatravelchannel.com\/wp-content\/uploads\/2024\/12\/Maras-Plaza-300x172.jpg 300w\" sizes=\"auto, (max-width: 980px) 100vw, 980px\" \/><figcaption class=\"wp-element-caption\"><strong>Plaza Principal de Maras<\/strong><\/figcaption><\/figure>\n\n\n\n<figure class=\"wp-block-image size-full is-resized\"><img loading=\"lazy\" decoding=\"async\" width=\"640\" height=\"480\" src=\"https:\/\/nevizatravelchannel.com\/wp-content\/uploads\/2024\/12\/Moray-Cusco.jpg\" alt=\"\" class=\"wp-image-387\" style=\"width:909px;height:auto\" srcset=\"https:\/\/nevizatravelchannel.com\/wp-content\/uploads\/2024\/12\/Moray-Cusco.jpg 640w, https:\/\/nevizatravelchannel.com\/wp-content\/uploads\/2024\/12\/Moray-Cusco-300x225.jpg 300w\" sizes=\"auto, (max-width: 640px) 100vw, 640px\" \/><figcaption class=\"wp-element-caption\"><strong>Andenes de Moray<\/strong><\/figcaption><\/figure>\n\n\n\n<figure class=\"wp-block-image size-large is-resized\"><img loading=\"lazy\" decoding=\"async\" width=\"1024\" height=\"640\" src=\"https:\/\/nevizatravelchannel.com\/wp-content\/uploads\/2024\/12\/Salineras-1024x640.jpg\" alt=\"\" class=\"wp-image-388\" style=\"width:917px;height:auto\" srcset=\"https:\/\/nevizatravelchannel.com\/wp-content\/uploads\/2024\/12\/Salineras-1024x640.jpg 1024w, https:\/\/nevizatravelchannel.com\/wp-content\/uploads\/2024\/12\/Salineras-300x188.jpg 300w, https:\/\/nevizatravelchannel.com\/wp-content\/uploads\/2024\/12\/Salineras.jpg 1200w\" sizes=\"auto, (max-width: 1024px) 100vw, 1024px\" \/><figcaption class=\"wp-element-caption\"><strong>Salineras de Maras<\/strong><\/figcaption><\/figure>\n","protected":false},"excerpt":{"rendered":"<p>Para este Tour, es necesario tomar una v\u00eda alterna para ir al Valle Sagrado de los Inkas, esta v\u00eda nos conduce hacia Chinchero, donde existe un bonito Centro Arqueol\u00f3gico junto a una antigua Plaza Colonial, tambi\u00e9n en este lugar podremos ver hermosos andenes, concluida la visita, proseguimos hacia el poblado de Maras, donde veremos el &hellip; <\/p>\n<p class=\"link-more\"><a href=\"https:\/\/nevizatravelchannel.com\/index.php\/chinchero-moray-salineras\/\" class=\"more-link\">Leer m\u00e1s<span class=\"screen-reader-text\"> \u00abChinchero\/ Moray\/ Salineras\u00bb<\/span><\/a><\/p>\n","protected":false},"author":1,"featured_media":0,"parent":0,"menu_order":0,"comment_status":"closed","ping_status":"closed","template":"","meta":{"footnotes":""},"class_list":["post-275","page","type-page","status-publish","hentry"],"featured_media_urls":[],"_links":{"self":[{"href":"https:\/\/nevizatravelchannel.com\/index.php\/wp-json\/wp\/v2\/pages\/275","targetHints":{"allow":["GET"]}}],"collection":[{"href":"https:\/\/nevizatravelchannel.com\/index.php\/wp-json\/wp\/v2\/pages"}],"about":[{"href":"https:\/\/nevizatravelchannel.com\/index.php\/wp-json\/wp\/v2\/types\/page"}],"author":[{"embeddable":true,"href":"https:\/\/nevizatravelchannel.com\/index.php\/wp-json\/wp\/v2\/users\/1"}],"replies":[{"embeddable":true,"href":"https:\/\/nevizatravelchannel.com\/index.php\/wp-json\/wp\/v2\/comments?post=275"}],"version-history":[{"count":3,"href":"https:\/\/nevizatravelchannel.com\/index.php\/wp-json\/wp\/v2\/pages\/275\/revisions"}],"predecessor-version":[{"id":389,"href":"https:\/\/nevizatravelchannel.com\/index.php\/wp-json\/wp\/v2\/pages\/275\/revisions\/389"}],"wp:attachment":[{"href":"https:\/\/nevizatravelchannel.com\/index.php\/wp-json\/wp\/v2\/media?parent=275"}],"curies":[{"name":"wp","href":"https:\/\/api.w.org\/{rel}","templated":true}]}}