{"id":283,"date":"2024-12-08T20:22:54","date_gmt":"2024-12-09T01:22:54","guid":{"rendered":"https:\/\/nevizatravelchannel.com\/?page_id=283"},"modified":"2024-12-11T18:45:50","modified_gmt":"2024-12-11T23:45:50","slug":"cusco-erotico","status":"publish","type":"page","link":"https:\/\/nevizatravelchannel.com\/index.php\/cusco-erotico\/","title":{"rendered":"Cusco Er\u00f3tico"},"content":{"rendered":"\n<p>Recorridos de Leyenda por el Centro hist\u00f3rico de Cusco, un Tour interactivo, degustativo y participativo de aproximadamente 3 horas por las principales calles del Centro Hist\u00f3rico de la ciudad de Cusco, un Tour para adultos. Sin duda alguna este nuestro TOUR es el m\u00e1s exitoso recorrido pedestre por el Centro Hist\u00f3rico del Cusco y cada vez se enriquece con m\u00e1s informaci\u00f3n detallada y menos tab\u00faes que nos permiten disfrutar de nuestra ciudad desde una perspectiva at\u00edpica, singular y alternativa!<\/p>\n\n\n\n<figure class=\"wp-block-image size-full is-resized\"><img loading=\"lazy\" decoding=\"async\" width=\"740\" height=\"960\" src=\"https:\/\/nevizatravelchannel.com\/wp-content\/uploads\/2024\/12\/Cusco-exotico-abril.jpg\" alt=\"\" class=\"wp-image-343\" style=\"width:646px;height:auto\" srcset=\"https:\/\/nevizatravelchannel.com\/wp-content\/uploads\/2024\/12\/Cusco-exotico-abril.jpg 740w, https:\/\/nevizatravelchannel.com\/wp-content\/uploads\/2024\/12\/Cusco-exotico-abril-231x300.jpg 231w\" sizes=\"auto, (max-width: 740px) 100vw, 740px\" \/><\/figure>\n","protected":false},"excerpt":{"rendered":"<p>Recorridos de Leyenda por el Centro hist\u00f3rico de Cusco, un Tour interactivo, degustativo y participativo de aproximadamente 3 horas por las principales calles del Centro Hist\u00f3rico de la ciudad de Cusco, un Tour para adultos. Sin duda alguna este nuestro TOUR es el m\u00e1s exitoso recorrido pedestre por el Centro Hist\u00f3rico del Cusco y cada &hellip; <\/p>\n<p class=\"link-more\"><a href=\"https:\/\/nevizatravelchannel.com\/index.php\/cusco-erotico\/\" class=\"more-link\">Leer m\u00e1s<span class=\"screen-reader-text\"> \u00abCusco Er\u00f3tico\u00bb<\/span><\/a><\/p>\n","protected":false},"author":1,"featured_media":0,"parent":0,"menu_order":0,"comment_status":"closed","ping_status":"closed","template":"","meta":{"footnotes":""},"class_list":["post-283","page","type-page","status-publish","hentry"],"featured_media_urls":[],"_links":{"self":[{"href":"https:\/\/nevizatravelchannel.com\/index.php\/wp-json\/wp\/v2\/pages\/283","targetHints":{"allow":["GET"]}}],"collection":[{"href":"https:\/\/nevizatravelchannel.com\/index.php\/wp-json\/wp\/v2\/pages"}],"about":[{"href":"https:\/\/nevizatravelchannel.com\/index.php\/wp-json\/wp\/v2\/types\/page"}],"author":[{"embeddable":true,"href":"https:\/\/nevizatravelchannel.com\/index.php\/wp-json\/wp\/v2\/users\/1"}],"replies":[{"embeddable":true,"href":"https:\/\/nevizatravelchannel.com\/index.php\/wp-json\/wp\/v2\/comments?post=283"}],"version-history":[{"count":3,"href":"https:\/\/nevizatravelchannel.com\/index.php\/wp-json\/wp\/v2\/pages\/283\/revisions"}],"predecessor-version":[{"id":344,"href":"https:\/\/nevizatravelchannel.com\/index.php\/wp-json\/wp\/v2\/pages\/283\/revisions\/344"}],"wp:attachment":[{"href":"https:\/\/nevizatravelchannel.com\/index.php\/wp-json\/wp\/v2\/media?parent=283"}],"curies":[{"name":"wp","href":"https:\/\/api.w.org\/{rel}","templated":true}]}}