{"id":287,"date":"2024-12-08T20:23:56","date_gmt":"2024-12-09T01:23:56","guid":{"rendered":"https:\/\/nevizatravelchannel.com\/?page_id=287"},"modified":"2024-12-11T18:16:57","modified_gmt":"2024-12-11T23:16:57","slug":"cusco-de-antano","status":"publish","type":"page","link":"https:\/\/nevizatravelchannel.com\/index.php\/cusco-de-antano\/","title":{"rendered":"Cusco de Anta\u00f1o"},"content":{"rendered":"\n<p>Este Tour puede ser disfrutado en familia. El recorrido es corto y se concentra en las tres plazas m\u00e1s importantes del Centro Hist\u00f3rico de la ciudad de Cusco, con una interpretaci\u00f3n poco convencional, distinta y muy disfrutable que incluye degustaciones, multimedia e interactividad, donde las estrellas son nuestros participantes del Tour<\/p>\n\n\n\n<p>\u00abCUSCO DE ANTA\u00d1O\u201d es un recorrido guiado por el coraz\u00f3n del Cusco, de aproximadamente 03 horas, donde adem\u00e1s de compartir informaci\u00f3n sobre el Patrimonio Cusque\u00f1o, recurrimos a la TERAPIA DE REMINISCENCIA, que consistente en evocar recuerdos de la vida de los participantes a trav\u00e9s de ciertos est\u00edmulos llamados \u00abelementos desencadenantes\u00bb, con el objetivo de compartir dichos recuerdos y reflexionar sobre el propio pasado, que en el caso del Cusco tiene un efecto maravilloso por el gran caudal de Legado Cultural Inmaterial que reside en nuestra ciudad.<\/p>\n\n\n\n<figure class=\"wp-block-image size-full\"><img loading=\"lazy\" decoding=\"async\" width=\"800\" height=\"531\" src=\"https:\/\/nevizatravelchannel.com\/wp-content\/uploads\/2024\/12\/Barrio-san-Pedro.jpeg\" alt=\"\" class=\"wp-image-339\" srcset=\"https:\/\/nevizatravelchannel.com\/wp-content\/uploads\/2024\/12\/Barrio-san-Pedro.jpeg 800w, https:\/\/nevizatravelchannel.com\/wp-content\/uploads\/2024\/12\/Barrio-san-Pedro-300x199.jpeg 300w\" sizes=\"auto, (max-width: 800px) 100vw, 800px\" \/><\/figure>\n","protected":false},"excerpt":{"rendered":"<p>Este Tour puede ser disfrutado en familia. El recorrido es corto y se concentra en las tres plazas m\u00e1s importantes del Centro Hist\u00f3rico de la ciudad de Cusco, con una interpretaci\u00f3n poco convencional, distinta y muy disfrutable que incluye degustaciones, multimedia e interactividad, donde las estrellas son nuestros participantes del Tour \u00abCUSCO DE ANTA\u00d1O\u201d es &hellip; <\/p>\n<p class=\"link-more\"><a href=\"https:\/\/nevizatravelchannel.com\/index.php\/cusco-de-antano\/\" class=\"more-link\">Leer m\u00e1s<span class=\"screen-reader-text\"> \u00abCusco de Anta\u00f1o\u00bb<\/span><\/a><\/p>\n","protected":false},"author":1,"featured_media":0,"parent":0,"menu_order":0,"comment_status":"closed","ping_status":"closed","template":"","meta":{"footnotes":""},"class_list":["post-287","page","type-page","status-publish","hentry"],"featured_media_urls":[],"_links":{"self":[{"href":"https:\/\/nevizatravelchannel.com\/index.php\/wp-json\/wp\/v2\/pages\/287","targetHints":{"allow":["GET"]}}],"collection":[{"href":"https:\/\/nevizatravelchannel.com\/index.php\/wp-json\/wp\/v2\/pages"}],"about":[{"href":"https:\/\/nevizatravelchannel.com\/index.php\/wp-json\/wp\/v2\/types\/page"}],"author":[{"embeddable":true,"href":"https:\/\/nevizatravelchannel.com\/index.php\/wp-json\/wp\/v2\/users\/1"}],"replies":[{"embeddable":true,"href":"https:\/\/nevizatravelchannel.com\/index.php\/wp-json\/wp\/v2\/comments?post=287"}],"version-history":[{"count":3,"href":"https:\/\/nevizatravelchannel.com\/index.php\/wp-json\/wp\/v2\/pages\/287\/revisions"}],"predecessor-version":[{"id":341,"href":"https:\/\/nevizatravelchannel.com\/index.php\/wp-json\/wp\/v2\/pages\/287\/revisions\/341"}],"wp:attachment":[{"href":"https:\/\/nevizatravelchannel.com\/index.php\/wp-json\/wp\/v2\/media?parent=287"}],"curies":[{"name":"wp","href":"https:\/\/api.w.org\/{rel}","templated":true}]}}