{"id":299,"date":"2024-12-08T20:30:12","date_gmt":"2024-12-09T01:30:12","guid":{"rendered":"https:\/\/nevizatravelchannel.com\/?page_id=299"},"modified":"2024-12-10T18:14:03","modified_gmt":"2024-12-10T23:14:03","slug":"apu-huanacure","status":"publish","type":"page","link":"https:\/\/nevizatravelchannel.com\/index.php\/apu-huanacure\/","title":{"rendered":"Apu Huanacure"},"content":{"rendered":"\n<p class=\"has-text-align-center\">Este es un Tour de medio d\u00eda, donde la movilidad nos llevar\u00e1 hasta un punto escogido para desde ah\u00ed, hacer una caminata de aproximadamente 25 minutos, no es una caminata muy exigente, pero si, estaremos sobre una de las monta\u00f1as que rodean la ciudad de Cusco, El \u00abApu Hunacaure\u00bb era una de las Monta\u00f1a mas sagrada para los antiguos inkas, ya que la leyenda habla que Manco Ccapac y Mama Ocllo (fundadores del Imperio) salieron del Lago Titikaka y el dios Sol, les dijo que donde se hundiera la barreta de oro que llevaban, ah\u00ed deber\u00edan fundar el Imperio del Sol, es as\u00ed como la barreta de oro se hundi\u00f3 seg\u00fan la leyenda en esta monta\u00f1a, de all\u00ed su importancia y trascendencia.<\/p>\n\n\n\n<p class=\"has-text-align-center\">Desde la Monta\u00f1a del Huanacaure, se tiene una vista paisaj\u00edstica \u00fanica del Valle de Cusco, adem\u00e1s en este lugar existe evidencias de edificaciones Inkas, que veremos como parte del recorrido, y por ser un lugar especial, es un sitio para meditar y sentir la energ\u00eda de los Apus Tutelares andinos, ya que por su ubicaci\u00f3n estaremos en contacto con todos los Apus Sagrados que rodean la actual ciudad de Cusco.<\/p>\n\n\n\n<figure class=\"wp-block-image size-full is-resized has-custom-border is-style-rounded\"><img loading=\"lazy\" decoding=\"async\" width=\"567\" height=\"378\" src=\"https:\/\/nevizatravelchannel.com\/wp-content\/uploads\/2024\/12\/Huanacaure-02.jpg\" alt=\"\" class=\"has-border-color has-primary-border-color wp-image-316\" style=\"width:742px;height:auto\" srcset=\"https:\/\/nevizatravelchannel.com\/wp-content\/uploads\/2024\/12\/Huanacaure-02.jpg 567w, https:\/\/nevizatravelchannel.com\/wp-content\/uploads\/2024\/12\/Huanacaure-02-300x200.jpg 300w\" sizes=\"auto, (max-width: 567px) 100vw, 567px\" \/><\/figure>\n\n\n\n<p><\/p>\n","protected":false},"excerpt":{"rendered":"<p>Este es un Tour de medio d\u00eda, donde la movilidad nos llevar\u00e1 hasta un punto escogido para desde ah\u00ed, hacer una caminata de aproximadamente 25 minutos, no es una caminata muy exigente, pero si, estaremos sobre una de las monta\u00f1as que rodean la ciudad de Cusco, El \u00abApu Hunacaure\u00bb era una de las Monta\u00f1a mas &hellip; <\/p>\n<p class=\"link-more\"><a href=\"https:\/\/nevizatravelchannel.com\/index.php\/apu-huanacure\/\" class=\"more-link\">Leer m\u00e1s<span class=\"screen-reader-text\"> \u00abApu Huanacure\u00bb<\/span><\/a><\/p>\n","protected":false},"author":1,"featured_media":0,"parent":0,"menu_order":0,"comment_status":"closed","ping_status":"closed","template":"","meta":{"footnotes":""},"class_list":["post-299","page","type-page","status-publish","hentry"],"featured_media_urls":[],"_links":{"self":[{"href":"https:\/\/nevizatravelchannel.com\/index.php\/wp-json\/wp\/v2\/pages\/299","targetHints":{"allow":["GET"]}}],"collection":[{"href":"https:\/\/nevizatravelchannel.com\/index.php\/wp-json\/wp\/v2\/pages"}],"about":[{"href":"https:\/\/nevizatravelchannel.com\/index.php\/wp-json\/wp\/v2\/types\/page"}],"author":[{"embeddable":true,"href":"https:\/\/nevizatravelchannel.com\/index.php\/wp-json\/wp\/v2\/users\/1"}],"replies":[{"embeddable":true,"href":"https:\/\/nevizatravelchannel.com\/index.php\/wp-json\/wp\/v2\/comments?post=299"}],"version-history":[{"count":3,"href":"https:\/\/nevizatravelchannel.com\/index.php\/wp-json\/wp\/v2\/pages\/299\/revisions"}],"predecessor-version":[{"id":318,"href":"https:\/\/nevizatravelchannel.com\/index.php\/wp-json\/wp\/v2\/pages\/299\/revisions\/318"}],"wp:attachment":[{"href":"https:\/\/nevizatravelchannel.com\/index.php\/wp-json\/wp\/v2\/media?parent=299"}],"curies":[{"name":"wp","href":"https:\/\/api.w.org\/{rel}","templated":true}]}}