{"id":303,"date":"2024-12-08T20:31:49","date_gmt":"2024-12-09T01:31:49","guid":{"rendered":"https:\/\/nevizatravelchannel.com\/?page_id=303"},"modified":"2024-12-10T20:55:57","modified_gmt":"2024-12-11T01:55:57","slug":"parques-tematicos","status":"publish","type":"page","link":"https:\/\/nevizatravelchannel.com\/index.php\/parques-tematicos\/","title":{"rendered":"Parques Tem\u00e1ticos"},"content":{"rendered":"\n<p>Durante la Pandemia de Covid que azot\u00f3 el mundo, en Cusco se crearon y construyeron numerosos Parques Tem\u00e1ticos, que hoy son puntos de Visitas Tur\u00edsticas para viajeros que quieren conocer este tipo de lugares. Muchos de ellos se encuentran no muy lejos de la ciudad y son lugares con encanto ya que presentan esculturas, tallados en piedra, dedicados a los Dioses, a la naturaleza, a personajes mitol\u00f3gicos, de cine y hasta de Extraterrestres.<\/p>\n\n\n\n<p>Una recorrido tur\u00edstico muy diferente, donde  ya no destaca lo arqueol\u00f3gico o lo cultural, tiene mas que ver con la diversi\u00f3n y el hecho de tomarse fotograf\u00edas muy llamativas que impactan sobre todo cuando son publicadas en Redes Sociales.<\/p>\n\n\n\n<figure class=\"wp-block-image size-full\"><img loading=\"lazy\" decoding=\"async\" width=\"870\" height=\"555\" src=\"https:\/\/nevizatravelchannel.com\/wp-content\/uploads\/2024\/12\/Morada-Dioses-05.jpg\" alt=\"\" class=\"wp-image-330\" srcset=\"https:\/\/nevizatravelchannel.com\/wp-content\/uploads\/2024\/12\/Morada-Dioses-05.jpg 870w, https:\/\/nevizatravelchannel.com\/wp-content\/uploads\/2024\/12\/Morada-Dioses-05-300x191.jpg 300w\" sizes=\"auto, (max-width: 870px) 100vw, 870px\" \/><figcaption class=\"wp-element-caption\"><strong>Morada de los Dioses<\/strong><\/figcaption><\/figure>\n\n\n\n<figure class=\"wp-block-image size-large is-resized\"><img loading=\"lazy\" decoding=\"async\" width=\"1024\" height=\"576\" src=\"https:\/\/nevizatravelchannel.com\/wp-content\/uploads\/2024\/12\/area-21-a-1024x576.jpg\" alt=\"\" class=\"wp-image-332\" style=\"width:871px;height:auto\" srcset=\"https:\/\/nevizatravelchannel.com\/wp-content\/uploads\/2024\/12\/area-21-a-1024x576.jpg 1024w, https:\/\/nevizatravelchannel.com\/wp-content\/uploads\/2024\/12\/area-21-a-300x169.jpg 300w, https:\/\/nevizatravelchannel.com\/wp-content\/uploads\/2024\/12\/area-21-a.jpg 1280w\" sizes=\"auto, (max-width: 1024px) 100vw, 1024px\" \/><figcaption class=\"wp-element-caption\"><strong>Area 21 &#8211; Cosmovision Andina<\/strong><\/figcaption><\/figure>\n\n\n\n<figure class=\"wp-block-image size-full is-resized\"><img loading=\"lazy\" decoding=\"async\" width=\"1000\" height=\"600\" src=\"https:\/\/nevizatravelchannel.com\/wp-content\/uploads\/2024\/12\/Parque-de-los-Ents.jpg\" alt=\"\" class=\"wp-image-333\" style=\"width:873px;height:auto\" srcset=\"https:\/\/nevizatravelchannel.com\/wp-content\/uploads\/2024\/12\/Parque-de-los-Ents.jpg 1000w, https:\/\/nevizatravelchannel.com\/wp-content\/uploads\/2024\/12\/Parque-de-los-Ents-300x180.jpg 300w\" sizes=\"auto, (max-width: 1000px) 100vw, 1000px\" \/><\/figure>\n","protected":false},"excerpt":{"rendered":"<p>Durante la Pandemia de Covid que azot\u00f3 el mundo, en Cusco se crearon y construyeron numerosos Parques Tem\u00e1ticos, que hoy son puntos de Visitas Tur\u00edsticas para viajeros que quieren conocer este tipo de lugares. Muchos de ellos se encuentran no muy lejos de la ciudad y son lugares con encanto ya que presentan esculturas, tallados &hellip; <\/p>\n<p class=\"link-more\"><a href=\"https:\/\/nevizatravelchannel.com\/index.php\/parques-tematicos\/\" class=\"more-link\">Leer m\u00e1s<span class=\"screen-reader-text\"> \u00abParques Tem\u00e1ticos\u00bb<\/span><\/a><\/p>\n","protected":false},"author":1,"featured_media":0,"parent":0,"menu_order":0,"comment_status":"closed","ping_status":"closed","template":"","meta":{"footnotes":""},"class_list":["post-303","page","type-page","status-publish","hentry"],"featured_media_urls":[],"_links":{"self":[{"href":"https:\/\/nevizatravelchannel.com\/index.php\/wp-json\/wp\/v2\/pages\/303","targetHints":{"allow":["GET"]}}],"collection":[{"href":"https:\/\/nevizatravelchannel.com\/index.php\/wp-json\/wp\/v2\/pages"}],"about":[{"href":"https:\/\/nevizatravelchannel.com\/index.php\/wp-json\/wp\/v2\/types\/page"}],"author":[{"embeddable":true,"href":"https:\/\/nevizatravelchannel.com\/index.php\/wp-json\/wp\/v2\/users\/1"}],"replies":[{"embeddable":true,"href":"https:\/\/nevizatravelchannel.com\/index.php\/wp-json\/wp\/v2\/comments?post=303"}],"version-history":[{"count":3,"href":"https:\/\/nevizatravelchannel.com\/index.php\/wp-json\/wp\/v2\/pages\/303\/revisions"}],"predecessor-version":[{"id":334,"href":"https:\/\/nevizatravelchannel.com\/index.php\/wp-json\/wp\/v2\/pages\/303\/revisions\/334"}],"wp:attachment":[{"href":"https:\/\/nevizatravelchannel.com\/index.php\/wp-json\/wp\/v2\/media?parent=303"}],"curies":[{"name":"wp","href":"https:\/\/api.w.org\/{rel}","templated":true}]}}